{"id":176,"date":"2020-02-21T08:21:46","date_gmt":"2020-02-21T08:21:46","guid":{"rendered":"http:\/\/reusvet.cat\/?page_id=176"},"modified":"2022-02-09T20:41:36","modified_gmt":"2022-02-09T20:41:36","slug":"contacto","status":"publish","type":"page","link":"https:\/\/reusvet.cat\/ca\/contacto\/","title":{"rendered":"Contacte"},"content":{"rendered":"<p>[et_pb_section fb_built=\u00bb1&#8243; _builder_version=\u00bb4.2.2&#8243; custom_margin=\u00bb-120px||||false|false\u00bb custom_margin_tablet=\u00bb\u00bb custom_margin_phone=\u00bb\u00bb custom_margin_last_edited=\u00bbon|phone\u00bb custom_padding=\u00bb0px||0px|||\u00bb global_colors_info=\u00bb{}\u00bb][et_pb_row _builder_version=\u00bb4.2.2&#8243; width=\u00bb100%\u00bb max_width=\u00bb100%\u00bb custom_margin=\u00bb0px||0px||false|false\u00bb custom_padding=\u00bb0px||0px||false|false\u00bb global_colors_info=\u00bb{}\u00bb][et_pb_column type=\u00bb4_4&#8243; _builder_version=\u00bb4.2.2&#8243; global_colors_info=\u00bb{}\u00bb][et_pb_slider use_bg_overlay=\u00bbon\u00bb bg_overlay_color=\u00bbrgba(246,236,243,0.18)\u00bb _builder_version=\u00bb4.3.2&#8243; header_level=\u00bbh3&#8243; body_font_size=\u00bb20px\u00bb background_enable_image=\u00bboff\u00bb background_enable_video_mp4=\u00bboff\u00bb min_height=\u00bb760px\u00bb min_height_tablet=\u00bb600px\u00bb min_height_phone=\u00bb600px\u00bb min_height_last_edited=\u00bbon|tablet\u00bb height_tablet=\u00bb\u00bb height_phone=\u00bb884px\u00bb height_last_edited=\u00bbon|phone\u00bb max_height=\u00bb600px\u00bb custom_margin=\u00bb0px||0px||false|false\u00bb custom_padding=\u00bb0px||0px||false|false\u00bb global_colors_info=\u00bb{}\u00bb][et_pb_slide heading=\u00bbContacta con nosotros utilizando el formulario \u00bb _builder_version=\u00bb4.3.2&#8243; header_font=\u00bbAclonica|700||on|||||\u00bb header_text_color=\u00bb#00a19c\u00bb header_font_size=\u00bb49px\u00bb body_font=\u00bbAclonica||||||||\u00bb body_text_color=\u00bb#ffffff\u00bb background_image=\u00bbhttps:\/\/reusvet.cat\/wp-content\/uploads\/2020\/02\/sl-contacto.jpg\u00bb background_enable_image=\u00bbon\u00bb background_position=\u00bbtop_center\u00bb width=\u00bb600px\u00bb header_font_size_tablet=\u00bb35px\u00bb header_font_size_phone=\u00bb21px\u00bb header_font_size_last_edited=\u00bbon|phone\u00bb custom_css_slide_container=\u00bbmax-width:90%;width:80% !important\u00bb header_text_shadow_style=\u00bbpreset4&#8243; header_text_shadow_blur_strength=\u00bb0.08em\u00bb header_text_shadow_color=\u00bb#000000&#8243; body_text_shadow_style=\u00bbpreset4&#8243; body_text_shadow_horizontal_length=\u00bb-0.13em\u00bb body_text_shadow_vertical_length=\u00bb0.01em\u00bb body_text_shadow_blur_strength=\u00bb0.07em\u00bb body_text_shadow_color=\u00bb#000000&#8243; text_shadow_style=\u00bbpreset4&#8243; text_shadow_color=\u00bb#000000&#8243; global_colors_info=\u00bb{}\u00bb custom_css_slide_title_last_edited=\u00bbon|phone\u00bb sticky_transition=\u00bbon\u00bb][\/et_pb_slide][\/et_pb_slider][\/et_pb_column][\/et_pb_row][et_pb_row _builder_version=\u00bb4.3.2&#8243; background_color=\u00bb#ba2828&#8243; width=\u00bb100%\u00bb max_width=\u00bb100%\u00bb global_colors_info=\u00bb{}\u00bb][et_pb_column type=\u00bb4_4&#8243; _builder_version=\u00bb4.3.2&#8243; background_color=\u00bbrgba(0,0,0,0)\u00bb global_colors_info=\u00bb{}\u00bb][et_pb_text _builder_version=\u00bb4.14.7&#8243; text_font=\u00bb|800||on|||||\u00bb text_text_color=\u00bb#ffffff\u00bb text_font_size=\u00bb20px\u00bb global_colors_info=\u00bb{}\u00bb]<\/p>\n<p style=\"text-align: center;\">Nuestro equipo de guardia atiende las 24h en caso de emergencias.<\/p>\n<p style=\"text-align: center;\">\u00a1NO ESPERE si se trata de la salud de su mascota!<\/p>\n<p>[\/et_pb_text][et_pb_text content_tablet=\u00bb\u00bb content_phone=\u00bb\u00bb content_last_edited=\u00bbon|phone\u00bb _builder_version=\u00bb4.3.2&#8243; text_font=\u00bb|800||on|||||\u00bb text_text_color=\u00bb#ffffff\u00bb text_font_size=\u00bb40px\u00bb text_font_size_tablet=\u00bb\u00bb text_font_size_phone=\u00bb29px\u00bb text_font_size_last_edited=\u00bbon|phone\u00bb global_colors_info=\u00bb{}\u00bb content__hover_enabled=\u00bboff|hover\u00bb]<\/p>\n<p class=\"footertext\" style=\"text-align: center;\"><a data-global=\"phone\" href=\"tel:977755702\" data-track-event=\"click\" data-track-action=\"phone_link\">977 755 702<\/a><a data-global=\"phone\" href=\"tel:977755702\" data-track-event=\"click\" data-track-action=\"phone_link\"><\/a>\u00a0&#8211;\u00a0<a href=\"tel:607 235 160\" data-track-event=\"click\" data-track-action=\"phone_link\">607 235 160<\/a><\/p>\n<p>[\/et_pb_text][\/et_pb_column][\/et_pb_row][\/et_pb_section][et_pb_section fb_built=\u00bb1&#8243; _builder_version=\u00bb4.2.2&#8243; background_color=\u00bb#f6ecf3&#8243; background_enable_image=\u00bboff\u00bb parallax=\u00bbon\u00bb min_height=\u00bb900px\u00bb bottom_divider_style=\u00bbwave\u00bb bottom_divider_color=\u00bb#2f3b4d\u00bb bottom_divider_height=\u00bb367px\u00bb global_colors_info=\u00bb{}\u00bb][et_pb_row _builder_version=\u00bb4.2.2&#8243; global_colors_info=\u00bb{}\u00bb][et_pb_column type=\u00bb4_4&#8243; _builder_version=\u00bb4.2.2&#8243; global_colors_info=\u00bb{}\u00bb][et_pb_text _builder_version=\u00bb4.3.2&#8243; text_font=\u00bb|||on|||||\u00bb text_font_size=\u00bb15px\u00bb header_font=\u00bbAclonica|800|||||||\u00bb header_2_font=\u00bbAclonica||||||||\u00bb header_2_text_color=\u00bb#2f3b4d\u00bb text_orientation=\u00bbcenter\u00bb header_2_text_shadow_style=\u00bbpreset5&#8243; header_2_text_shadow_color=\u00bbrgba(47,59,77,0.31)\u00bb global_colors_info=\u00bb{}\u00bb]<\/p>\n<div id=\"m2727\" class=\"module text\">\n<h1 class=\"headline\">Contacta con nosotros<\/h1>\n<\/div>\n<div class=\"module text\"><\/div>\n<p>[\/et_pb_text][\/et_pb_column][\/et_pb_row][et_pb_row column_structure=\u00bb1_2,1_2&#8243; make_equal=\u00bbon\u00bb _builder_version=\u00bb4.2.2&#8243; width=\u00bb100%\u00bb max_width=\u00bb1400px\u00bb custom_padding=\u00bb27px|||||\u00bb global_colors_info=\u00bb{}\u00bb][et_pb_column type=\u00bb1_2&#8243; _builder_version=\u00bb4.2.2&#8243; background_enable_color=\u00bboff\u00bb border_radii=\u00bbon|15px|15px|15px|15px\u00bb global_colors_info=\u00bb{}\u00bb][et_pb_contact_form email=\u00bbreusvet@reusvet.cat\u00bb custom_message=\u00bbNuevo mensaje de su p\u00e1gina reusvet.cat||et_pb_line_break_holder||De: %%Name%%||et_pb_line_break_holder||Correo: %%Email%%||et_pb_line_break_holder||Telefono: %%Telefono%%||et_pb_line_break_holder||||et_pb_line_break_holder||Mensaje: %%Message%%||et_pb_line_break_holder||||et_pb_line_break_holder||Por favor NO responda a este mensaje es un mensaje autom\u00e1tico.||et_pb_line_break_holder||Si quiere responderle al cliente utilice su direcci\u00f3n de correo: %%Email%% o su tel\u00e9fono: %%Telefono%%\u00bb success_message=\u00bbGracias por contactar con nosotros, le responderemos lo  lo m\u00e1s rapido posible.\u00bb _builder_version=\u00bb4.13.1&#8243; _unique_id=\u00bb68b2b3a8-658f-4e03-9683-fe1cc503416b\u00bb form_field_background_color=\u00bb#ffffff\u00bb form_field_text_color=\u00bb#000000&#8243; form_field_focus_background_color=\u00bb#000000&#8243; form_field_focus_text_color=\u00bb#ffffff\u00bb title_font=\u00bb|700|||||||\u00bb captcha_font=\u00bb|700|||||||\u00bb captcha_text_color=\u00bb#ffffff\u00bb form_field_text_align=\u00bbjustify\u00bb form_field_font_size=\u00bb15px\u00bb background_color=\u00bb#2f3b4d\u00bb text_orientation=\u00bbjustified\u00bb custom_padding=\u00bb10px|10px|10px|10px|false|false\u00bb hover_enabled=\u00bb0&#8243; global_colors_info=\u00bb{}\u00bb sticky_enabled=\u00bb0&#8243;][et_pb_contact_field field_id=\u00bbName\u00bb field_title=\u00bbNombre\u00bb max_length=\u00bb60&#8243; allowed_symbols=\u00bbletters\u00bb _builder_version=\u00bb4.3.2&#8243; border_radii=\u00bboff|10px|||\u00bb global_colors_info=\u00bb{}\u00bb button_text_size__hover_enabled=\u00bboff\u00bb button_one_text_size__hover_enabled=\u00bboff\u00bb button_two_text_size__hover_enabled=\u00bboff\u00bb button_text_color__hover_enabled=\u00bboff\u00bb button_one_text_color__hover_enabled=\u00bboff\u00bb button_two_text_color__hover_enabled=\u00bboff\u00bb button_border_width__hover_enabled=\u00bboff\u00bb button_one_border_width__hover_enabled=\u00bboff\u00bb button_two_border_width__hover_enabled=\u00bboff\u00bb button_border_color__hover_enabled=\u00bboff\u00bb button_one_border_color__hover_enabled=\u00bboff\u00bb button_two_border_color__hover_enabled=\u00bboff\u00bb button_border_radius__hover_enabled=\u00bboff\u00bb button_one_border_radius__hover_enabled=\u00bboff\u00bb button_two_border_radius__hover_enabled=\u00bboff\u00bb button_letter_spacing__hover_enabled=\u00bboff\u00bb button_one_letter_spacing__hover_enabled=\u00bboff\u00bb button_two_letter_spacing__hover_enabled=\u00bboff\u00bb button_bg_color__hover_enabled=\u00bboff\u00bb button_one_bg_color__hover_enabled=\u00bboff\u00bb button_two_bg_color__hover_enabled=\u00bboff\u00bb][\/et_pb_contact_field][et_pb_contact_field field_id=\u00bbEmail\u00bb field_title=\u00bbDirecci\u00f3n de correo electr\u00f3nico\u00bb field_type=\u00bbemail\u00bb _builder_version=\u00bb4.3.2&#8243; border_radii=\u00bboff||10px||\u00bb global_colors_info=\u00bb{}\u00bb button_text_size__hover_enabled=\u00bboff\u00bb button_one_text_size__hover_enabled=\u00bboff\u00bb button_two_text_size__hover_enabled=\u00bboff\u00bb button_text_color__hover_enabled=\u00bboff\u00bb button_one_text_color__hover_enabled=\u00bboff\u00bb button_two_text_color__hover_enabled=\u00bboff\u00bb button_border_width__hover_enabled=\u00bboff\u00bb button_one_border_width__hover_enabled=\u00bboff\u00bb button_two_border_width__hover_enabled=\u00bboff\u00bb button_border_color__hover_enabled=\u00bboff\u00bb button_one_border_color__hover_enabled=\u00bboff\u00bb button_two_border_color__hover_enabled=\u00bboff\u00bb button_border_radius__hover_enabled=\u00bboff\u00bb button_one_border_radius__hover_enabled=\u00bboff\u00bb button_two_border_radius__hover_enabled=\u00bboff\u00bb button_letter_spacing__hover_enabled=\u00bboff\u00bb button_one_letter_spacing__hover_enabled=\u00bboff\u00bb button_two_letter_spacing__hover_enabled=\u00bboff\u00bb button_bg_color__hover_enabled=\u00bboff\u00bb button_one_bg_color__hover_enabled=\u00bboff\u00bb button_two_bg_color__hover_enabled=\u00bboff\u00bb][\/et_pb_contact_field][et_pb_contact_field field_id=\u00bbTelefono\u00bb field_title=\u00bbTelefono para contactarte\u00bb min_length=\u00bb9&#8243; max_length=\u00bb15&#8243; allowed_symbols=\u00bbnumbers\u00bb fullwidth_field=\u00bbon\u00bb _builder_version=\u00bb4.9.1&#8243; global_colors_info=\u00bb{}\u00bb][\/et_pb_contact_field][et_pb_contact_field field_id=\u00bbMessage\u00bb field_title=\u00bbMensaje\u00bb field_type=\u00bbtext\u00bb fullwidth_field=\u00bbon\u00bb _builder_version=\u00bb3.16&#8243; global_colors_info=\u00bb{}\u00bb button_text_size__hover_enabled=\u00bboff\u00bb button_one_text_size__hover_enabled=\u00bboff\u00bb button_two_text_size__hover_enabled=\u00bboff\u00bb button_text_color__hover_enabled=\u00bboff\u00bb button_one_text_color__hover_enabled=\u00bboff\u00bb button_two_text_color__hover_enabled=\u00bboff\u00bb button_border_width__hover_enabled=\u00bboff\u00bb button_one_border_width__hover_enabled=\u00bboff\u00bb button_two_border_width__hover_enabled=\u00bboff\u00bb button_border_color__hover_enabled=\u00bboff\u00bb button_one_border_color__hover_enabled=\u00bboff\u00bb button_two_border_color__hover_enabled=\u00bboff\u00bb button_border_radius__hover_enabled=\u00bboff\u00bb button_one_border_radius__hover_enabled=\u00bboff\u00bb button_two_border_radius__hover_enabled=\u00bboff\u00bb button_letter_spacing__hover_enabled=\u00bboff\u00bb button_one_letter_spacing__hover_enabled=\u00bboff\u00bb button_two_letter_spacing__hover_enabled=\u00bboff\u00bb button_bg_color__hover_enabled=\u00bboff\u00bb button_one_bg_color__hover_enabled=\u00bboff\u00bb button_two_bg_color__hover_enabled=\u00bboff\u00bb][\/et_pb_contact_field][\/et_pb_contact_form][\/et_pb_column][et_pb_column type=\u00bb1_2&#8243; _builder_version=\u00bb4.2.2&#8243; global_colors_info=\u00bb{}\u00bb][et_pb_code _builder_version=\u00bb4.14.7&#8243; custom_padding=\u00bb||0px|||\u00bb hover_enabled=\u00bb0&#8243; global_colors_info=\u00bb{}\u00bb custom_margin=\u00bb||||false|false\u00bb sticky_enabled=\u00bb0&#8243;]<iframe data-src=\"https:\/\/www.google.com\/maps\/embed?pb=!1m14!1m8!1m3!1d1502.0505322310212!2d1.11221!3d41.154146!3m2!1i1024!2i768!4f13.1!3m3!1m2!1s0x0%3A0xcf4f49de0c953301!2sReus%20Vet!5e0!3m2!1ses!2sus!4v1582273945192!5m2!1ses!2sus\" width=\"800\" height=\"300\" frameborder=\"0\" style=\"border:0;\" allowfullscreen=\"\" src=\"data:image\/svg+xml;base64,PHN2ZyB3aWR0aD0iMSIgaGVpZ2h0PSIxIiB4bWxucz0iaHR0cDovL3d3dy53My5vcmcvMjAwMC9zdmciPjwvc3ZnPg==\" class=\"lazyload\" data-load-mode=\"1\"><\/iframe>[\/et_pb_code][\/et_pb_column][\/et_pb_row][\/et_pb_section][et_pb_section fb_built=\u00bb1&#8243; _builder_version=\u00bb4.2.2&#8243; background_color=\u00bb#f9eff5&#8243; background_enable_image=\u00bboff\u00bb parallax=\u00bbon\u00bb custom_margin=\u00bb0px||0px||false|false\u00bb custom_padding=\u00bb0px||0px||false|false\u00bb global_colors_info=\u00bb{}\u00bb][et_pb_row column_structure=\u00bb1_2,1_2&#8243; _builder_version=\u00bb4.2.2&#8243; width=\u00bb100%\u00bb max_width=\u00bb85%\u00bb max_width_tablet=\u00bb100%\u00bb max_width_phone=\u00bb100%\u00bb max_width_last_edited=\u00bbon|tablet\u00bb module_alignment=\u00bbleft\u00bb custom_margin=\u00bb0px|auto|0px|auto|false|false\u00bb custom_padding=\u00bb0px||0px||false|false\u00bb global_colors_info=\u00bb{}\u00bb][et_pb_column type=\u00bb1_2&#8243; _builder_version=\u00bb4.2.2&#8243; global_colors_info=\u00bb{}\u00bb][et_pb_image src=\u00bbhttps:\/\/reusvet.cat\/wp-content\/uploads\/2020\/02\/pet-surgery.jpg\u00bb force_fullwidth=\u00bbon\u00bb _builder_version=\u00bb4.2.2&#8243; global_colors_info=\u00bb{}\u00bb][\/et_pb_image][\/et_pb_column][et_pb_column type=\u00bb1_2&#8243; _builder_version=\u00bb4.2.2&#8243; global_colors_info=\u00bb{}\u00bb][et_pb_text _builder_version=\u00bb4.3.2&#8243; header_2_font=\u00bb|800|||||||\u00bb header_2_text_align=\u00bbcenter\u00bb header_2_text_color=\u00bb#00a19c\u00bb header_2_font_size=\u00bb82px\u00bb custom_margin=\u00bb||0px||false|false\u00bb custom_padding=\u00bb43px||0px||false|false\u00bb link_option_url=\u00bbtel:977755702&#8243; header_2_font_size_tablet=\u00bb\u00bb header_2_font_size_phone=\u00bb58px\u00bb header_2_font_size_last_edited=\u00bbon|phone\u00bb locked=\u00bboff\u00bb global_colors_info=\u00bb{}\u00bb]<\/p>\n<h2 style=\"text-align: center;\"><a href=\"tel:977755702\">977 755 702<\/a><\/h2>\n<p>[\/et_pb_text][et_pb_text _builder_version=\u00bb4.14.7&#8243; text_font=\u00bb|600|||||||\u00bb text_text_color=\u00bb#2f3b4d\u00bb text_font_size=\u00bb18px\u00bb header_2_font=\u00bbAclonica|700|||||||\u00bb header_2_text_align=\u00bbleft\u00bb header_2_text_color=\u00bb#00dfc0&#8243; header_2_font_size=\u00bb19px\u00bb header_3_font=\u00bbABeeZee|800|||||||\u00bb header_3_text_align=\u00bbleft\u00bb header_3_text_color=\u00bb#2f3b4d\u00bb header_3_font_size=\u00bb23px\u00bb min_height=\u00bb250px\u00bb custom_margin=\u00bb50px|15px|40px|15px|false|false\u00bb custom_padding=\u00bb15px|15px|8px|15px|false|false\u00bb hover_enabled=\u00bb0&#8243; locked=\u00bboff\u00bb global_colors_info=\u00bb{}\u00bb sticky_enabled=\u00bb0&#8243;]<\/p>\n<h2>Contacta con nosotros<\/h2>\n<h2><span style=\"color: #2f3b4d; font-family: ABeeZee, Helvetica, Arial, Lucida, sans-serif; font-size: 23px;\">Para el cuidado de tu mascota<\/span><\/h2>\n<p>Nos ocupamos tanto de la atenci\u00f3n urgente como de las necesidades de bienestar de su animal de compa\u00f1\u00eda. Eso significa que puede venir a la cl\u00ednica para consultas menores, como los ex\u00e1menes peri\u00f3dicos y las vacunas, o aquellos momentos en que su mascota parece estar apagada y necesita atenci\u00f3n veterinaria r\u00e1pida.<\/p>\n<p>Guarda nuestro n\u00famero para cualquier situaci\u00f3n como: erupciones cut\u00e1neas, diarrea, enc\u00edas p\u00e1lidas, tos, llanto, temblores, picaz\u00f3n en la piel, jadeo, fiebre, v\u00f3mitos o cualquier otra cosa que te haga preocupar.<\/p>\n<p>[\/et_pb_text][\/et_pb_column][\/et_pb_row][\/et_pb_section]<\/p>","protected":false},"excerpt":{"rendered":"<p>Nuestro equipo de guardia atiende las 24h en caso de emergencias. \u00a1NO ESPERE si se trata de la salud de su mascota!977 755 702\u00a0&#8211;\u00a0607 235 160 Contacta con nosotros 977 755 702Contacta con nosotros Para el cuidado de tu mascota Nos ocupamos tanto de la atenci\u00f3n urgente como de las necesidades de bienestar de su [&hellip;]<\/p>","protected":false},"author":1,"featured_media":0,"parent":0,"menu_order":0,"comment_status":"closed","ping_status":"closed","template":"","meta":{"_et_pb_use_builder":"on","_et_pb_old_content":"","_et_gb_content_width":"","footnotes":""},"class_list":["post-176","page","type-page","status-publish","hentry"],"yoast_head":"<!-- This site is optimized with the Yoast SEO plugin v27.5 - https:\/\/yoast.com\/product\/yoast-seo-wordpress\/ -->\n<title>Contacto - Reus Vet<\/title>\n<meta name=\"robots\" content=\"index, follow, max-snippet:-1, max-image-preview:large, max-video-preview:-1\" \/>\n<link rel=\"canonical\" href=\"https:\/\/reusvet.cat\/ca\/contacto\/\" \/>\n<meta property=\"og:locale\" content=\"ca_ES\" \/>\n<meta property=\"og:type\" content=\"article\" \/>\n<meta property=\"og:title\" content=\"Contacto - Reus Vet\" \/>\n<meta property=\"og:description\" content=\"Nuestro equipo de guardia atiende las 24h en caso de emergencias. \u00a1NO ESPERE si se trata de la salud de su mascota!977 755 702\u00a0-\u00a0607 235 160 Contacta con nosotros 977 755 702Contacta con nosotros Para el cuidado de tu mascota Nos ocupamos tanto de la atenci\u00f3n urgente como de las necesidades de bienestar de su [&hellip;]\" \/>\n<meta property=\"og:url\" content=\"https:\/\/reusvet.cat\/ca\/contacto\/\" \/>\n<meta property=\"og:site_name\" content=\"Reus Vet\" \/>\n<meta property=\"article:publisher\" content=\"https:\/\/www.facebook.com\/pg\/ClinicaReusVet\/about\/\" \/>\n<meta property=\"article:modified_time\" content=\"2022-02-09T20:41:36+00:00\" \/>\n<meta name=\"twitter:card\" content=\"summary_large_image\" \/>\n<meta name=\"twitter:label1\" content=\"Temps estimat de lectura\" \/>\n\t<meta name=\"twitter:data1\" content=\"9 minuts\" \/>\n<script type=\"application\/ld+json\" class=\"yoast-schema-graph\">{\"@context\":\"https:\\\/\\\/schema.org\",\"@graph\":[{\"@type\":\"WebPage\",\"@id\":\"https:\\\/\\\/reusvet.cat\\\/contacto\\\/\",\"url\":\"https:\\\/\\\/reusvet.cat\\\/contacto\\\/\",\"name\":\"Contacto - Reus Vet\",\"isPartOf\":{\"@id\":\"https:\\\/\\\/reusvet.cat\\\/#website\"},\"datePublished\":\"2020-02-21T08:21:46+00:00\",\"dateModified\":\"2022-02-09T20:41:36+00:00\",\"inLanguage\":\"ca\",\"potentialAction\":[{\"@type\":\"ReadAction\",\"target\":[\"https:\\\/\\\/reusvet.cat\\\/contacto\\\/\"]}]},{\"@type\":\"WebSite\",\"@id\":\"https:\\\/\\\/reusvet.cat\\\/#website\",\"url\":\"https:\\\/\\\/reusvet.cat\\\/\",\"name\":\"Reus Vet\",\"description\":\"Cl\u00ednica Veterinaria en Reus Cuidamos de tu mascota\",\"potentialAction\":[{\"@type\":\"SearchAction\",\"target\":{\"@type\":\"EntryPoint\",\"urlTemplate\":\"https:\\\/\\\/reusvet.cat\\\/?s={search_term_string}\"},\"query-input\":{\"@type\":\"PropertyValueSpecification\",\"valueRequired\":true,\"valueName\":\"search_term_string\"}}],\"inLanguage\":\"ca\"}]}<\/script>\n<!-- \/ Yoast SEO plugin. -->","yoast_head_json":{"title":"Contacto - Reus Vet","robots":{"index":"index","follow":"follow","max-snippet":"max-snippet:-1","max-image-preview":"max-image-preview:large","max-video-preview":"max-video-preview:-1"},"canonical":"https:\/\/reusvet.cat\/ca\/contacto\/","og_locale":"ca_ES","og_type":"article","og_title":"Contacto - Reus Vet","og_description":"Nuestro equipo de guardia atiende las 24h en caso de emergencias. \u00a1NO ESPERE si se trata de la salud de su mascota!977 755 702\u00a0-\u00a0607 235 160 Contacta con nosotros 977 755 702Contacta con nosotros Para el cuidado de tu mascota Nos ocupamos tanto de la atenci\u00f3n urgente como de las necesidades de bienestar de su [&hellip;]","og_url":"https:\/\/reusvet.cat\/ca\/contacto\/","og_site_name":"Reus Vet","article_publisher":"https:\/\/www.facebook.com\/pg\/ClinicaReusVet\/about\/","article_modified_time":"2022-02-09T20:41:36+00:00","twitter_card":"summary_large_image","twitter_misc":{"Temps estimat de lectura":"9 minuts"},"schema":{"@context":"https:\/\/schema.org","@graph":[{"@type":"WebPage","@id":"https:\/\/reusvet.cat\/contacto\/","url":"https:\/\/reusvet.cat\/contacto\/","name":"Contacto - Reus Vet","isPartOf":{"@id":"https:\/\/reusvet.cat\/#website"},"datePublished":"2020-02-21T08:21:46+00:00","dateModified":"2022-02-09T20:41:36+00:00","inLanguage":"ca","potentialAction":[{"@type":"ReadAction","target":["https:\/\/reusvet.cat\/contacto\/"]}]},{"@type":"WebSite","@id":"https:\/\/reusvet.cat\/#website","url":"https:\/\/reusvet.cat\/","name":"Reus Vet","description":"Cl\u00ednica Veterinaria en Reus Cuidamos de tu mascota","potentialAction":[{"@type":"SearchAction","target":{"@type":"EntryPoint","urlTemplate":"https:\/\/reusvet.cat\/?s={search_term_string}"},"query-input":{"@type":"PropertyValueSpecification","valueRequired":true,"valueName":"search_term_string"}}],"inLanguage":"ca"}]}},"_links":{"self":[{"href":"https:\/\/reusvet.cat\/ca\/wp-json\/wp\/v2\/pages\/176","targetHints":{"allow":["GET"]}}],"collection":[{"href":"https:\/\/reusvet.cat\/ca\/wp-json\/wp\/v2\/pages"}],"about":[{"href":"https:\/\/reusvet.cat\/ca\/wp-json\/wp\/v2\/types\/page"}],"author":[{"embeddable":true,"href":"https:\/\/reusvet.cat\/ca\/wp-json\/wp\/v2\/users\/1"}],"replies":[{"embeddable":true,"href":"https:\/\/reusvet.cat\/ca\/wp-json\/wp\/v2\/comments?post=176"}],"version-history":[{"count":7,"href":"https:\/\/reusvet.cat\/ca\/wp-json\/wp\/v2\/pages\/176\/revisions"}],"predecessor-version":[{"id":449,"href":"https:\/\/reusvet.cat\/ca\/wp-json\/wp\/v2\/pages\/176\/revisions\/449"}],"wp:attachment":[{"href":"https:\/\/reusvet.cat\/ca\/wp-json\/wp\/v2\/media?parent=176"}],"curies":[{"name":"wp","href":"https:\/\/api.w.org\/{rel}","templated":true}]}}