{"id":164,"date":"2020-02-21T08:00:46","date_gmt":"2020-02-21T08:00:46","guid":{"rendered":"http:\/\/reusvet.cat\/?page_id=164"},"modified":"2022-02-09T20:50:40","modified_gmt":"2022-02-09T20:50:40","slug":"nuestras-instalaciones","status":"publish","type":"page","link":"https:\/\/reusvet.cat\/ca\/nuestras-instalaciones\/","title":{"rendered":"Les nostres insta\u0140lacions"},"content":{"rendered":"<p>[et_pb_section fb_built=\u00bb1&#8243; _builder_version=\u00bb4.2.2&#8243; custom_margin=\u00bb-120px||||false|false\u00bb custom_margin_tablet=\u00bb\u00bb custom_margin_phone=\u00bb\u00bb custom_margin_last_edited=\u00bbon|phone\u00bb custom_padding=\u00bb0px||0px|||\u00bb global_colors_info=\u00bb{}\u00bb][et_pb_row _builder_version=\u00bb4.2.2&#8243; width=\u00bb100%\u00bb max_width=\u00bb100%\u00bb custom_margin=\u00bb0px||0px||false|false\u00bb custom_padding=\u00bb0px||0px||false|false\u00bb global_colors_info=\u00bb{}\u00bb][et_pb_column type=\u00bb4_4&#8243; _builder_version=\u00bb4.2.2&#8243; global_colors_info=\u00bb{}\u00bb][et_pb_slider use_bg_overlay=\u00bbon\u00bb bg_overlay_color=\u00bbrgba(246,236,243,0.18)\u00bb _builder_version=\u00bb4.3.2&#8243; header_level=\u00bbh6&#8243; header_text_color=\u00bb#000000&#8243; header_font_size=\u00bb16px\u00bb body_font_size=\u00bb20px\u00bb background_enable_image=\u00bboff\u00bb background_enable_video_mp4=\u00bboff\u00bb min_height=\u00bb600px\u00bb min_height_tablet=\u00bb600px\u00bb min_height_phone=\u00bb600px\u00bb min_height_last_edited=\u00bbon|tablet\u00bb height_tablet=\u00bb\u00bb height_phone=\u00bb884px\u00bb height_last_edited=\u00bbon|phone\u00bb max_height=\u00bb600px\u00bb custom_margin=\u00bb0px||0px||false|false\u00bb custom_padding=\u00bb0px||0px||false|false\u00bb global_colors_info=\u00bb{}\u00bb][et_pb_slide heading=\u00bbNuestra cl\u00ednica veterinaria en Reus &#8211; Tarragona\u00bb _builder_version=\u00bb4.3.2&#8243; header_level=\u00bbh2&#8243; header_font=\u00bbAclonica|700||on|||||\u00bb header_text_align=\u00bbcenter\u00bb header_text_color=\u00bb#00a19c\u00bb header_font_size=\u00bb38px\u00bb header_letter_spacing=\u00bb1px\u00bb header_line_height=\u00bb1.3em\u00bb body_font=\u00bbAclonica||||||||\u00bb body_text_color=\u00bb#ffffff\u00bb background_image=\u00bbhttps:\/\/reusvet.cat\/wp-content\/uploads\/2020\/02\/entradaq2.png\u00bb background_enable_image=\u00bbon\u00bb width=\u00bb1000px\u00bb max_width=\u00bb90%\u00bb header_font_size_tablet=\u00bb35px\u00bb header_font_size_phone=\u00bb22px\u00bb header_font_size_last_edited=\u00bbon|phone\u00bb custom_css_slide_title=\u00bb||\u00bb header_text_shadow_style=\u00bbpreset4&#8243; header_text_shadow_blur_strength=\u00bb0.08em\u00bb header_text_shadow_color=\u00bb#000000&#8243; body_text_shadow_style=\u00bbpreset4&#8243; body_text_shadow_horizontal_length=\u00bb-0.13em\u00bb body_text_shadow_vertical_length=\u00bb0.01em\u00bb body_text_shadow_blur_strength=\u00bb0.07em\u00bb body_text_shadow_color=\u00bb#000000&#8243; text_shadow_style=\u00bbpreset4&#8243; text_shadow_color=\u00bb#000000&#8243; global_colors_info=\u00bb{}\u00bb custom_css_slide_title_last_edited=\u00bbon|phone\u00bb custom_css_slide_title_phone=\u00bbmargin-top:250px;||max-width:300px;||\u00bb custom_css_slide_title_tablet=\u00bb||\u00bb sticky_transition=\u00bbon\u00bb]<\/p>\n<p>Preparats per a prestar-li les millores cures veterin\u00e0ries a la seva mascota.<\/p>\n<p>[\/et_pb_slide][\/et_pb_slider][\/et_pb_column][\/et_pb_row][\/et_pb_section][et_pb_section fb_built=\u00bb1&#8243; _builder_version=\u00bb4.3.2&#8243; background_color=\u00bb#f9eff5&#8243; background_enable_image=\u00bboff\u00bb parallax=\u00bbon\u00bb custom_margin=\u00bb0px||0px||false|false\u00bb custom_padding=\u00bb0px||0px||false|false\u00bb global_colors_info=\u00bb{}\u00bb][et_pb_row _builder_version=\u00bb4.2.2&#8243; global_colors_info=\u00bb{}\u00bb][et_pb_column type=\u00bb4_4&#8243; _builder_version=\u00bb4.2.2&#8243; global_colors_info=\u00bb{}\u00bb][et_pb_text _builder_version=\u00bb4.3.2&#8243; text_font=\u00bb|||on|||||\u00bb text_font_size=\u00bb15px\u00bb header_font=\u00bbAclonica|800|||||||\u00bb header_2_font=\u00bbAclonica||||||||\u00bb header_2_text_color=\u00bb#2f3b4d\u00bb text_orientation=\u00bbcenter\u00bb header_2_text_shadow_style=\u00bbpreset5&#8243; header_2_text_shadow_color=\u00bbrgba(47,59,77,0.31)\u00bb global_colors_info=\u00bb{}\u00bb]<\/p>\n<div id=\"m2727\" class=\"module text\">\n<h1 class=\"headline\">Veterinari a Reus<\/h1>\n<\/div>\n<div class=\"module text\">\n<p class=\"darksmallspottext\"><strong>Treballem tant amb medicina preventiva com curativa per tenir cura de la seva mascota<\/strong><\/p>\n<\/div>\n<p>[\/et_pb_text][\/et_pb_column][\/et_pb_row][et_pb_row column_structure=\u00bb1_2,1_2&#8243; _builder_version=\u00bb4.3.2&#8243; width=\u00bb100%\u00bb max_width=\u00bb100%\u00bb max_width_tablet=\u00bb100%\u00bb max_width_phone=\u00bb100%\u00bb max_width_last_edited=\u00bbon|tablet\u00bb module_alignment=\u00bbright\u00bb custom_margin=\u00bb0px||0px||false|false\u00bb custom_padding=\u00bb0px||0px||false|false\u00bb border_color_bottom=\u00bb#2f3b4d\u00bb global_colors_info=\u00bb{}\u00bb][et_pb_column type=\u00bb1_2&#8243; _builder_version=\u00bb4.2.2&#8243; global_colors_info=\u00bb{}\u00bb][et_pb_image src=\u00bbhttps:\/\/reusvet.cat\/wp-content\/uploads\/2020\/02\/q3.jpg\u00bb _builder_version=\u00bb4.3.2&#8243; global_colors_info=\u00bb{}\u00bb][\/et_pb_image][\/et_pb_column][et_pb_column type=\u00bb1_2&#8243; _builder_version=\u00bb4.3.2&#8243; scroll_horizontal_motion_enable=\u00bbon\u00bb scroll_horizontal_motion=\u00bb0|50|50|100|10|0|0&#8243; global_colors_info=\u00bb{}\u00bb][et_pb_text _builder_version=\u00bb4.14.7&#8243; text_font=\u00bb|600|||||||\u00bb text_text_color=\u00bb#2f3b4d\u00bb text_font_size=\u00bb18px\u00bb header_2_font=\u00bbAclonica|700|||||||\u00bb header_2_text_align=\u00bbleft\u00bb header_2_text_color=\u00bb#00a19c\u00bb header_2_font_size=\u00bb19px\u00bb header_3_font=\u00bbABeeZee|800|||||||\u00bb header_3_text_align=\u00bbleft\u00bb header_3_text_color=\u00bb#2f3b4d\u00bb header_3_font_size=\u00bb23px\u00bb custom_margin=\u00bb50px|15px||15px|false|false\u00bb custom_padding=\u00bb15px|50px|15px|15px|false|false\u00bb global_colors_info=\u00bb{}\u00bb]<\/p>\n<h2>La nostra cl\u00ednica veterin\u00e0ria de Reus<\/h2>\n<p>&#8211; Dispone de equipos de diagn\u00f3stico y tratamiento de \u00faltima generaci\u00f3n permiti\u00e9ndonos efectuar desde retoques est\u00e9ticos hasta diagnostico avanzado y cirug\u00edas para mascotas.<\/p>\n<p>Consulti la nostra llista de serveis o contacti amb nosaltres per a m\u00e9s informaci\u00f3.<\/p>\n<p>\u2013 Ens permet oferir a gossos, gats, o altres mascotes, el m\u00e9s alt nivell de cures veterin\u00e0ries.<\/p>\n<p>[\/et_pb_text][et_pb_button button_url=\u00bbhttps:\/\/reusvet.cat\/contacto\/\u00bb button_text=\u00bbPide cita para tu mascota\u00bb button_alignment=\u00bbcenter\u00bb _builder_version=\u00bb4.14.7&#8243; custom_button=\u00bbon\u00bb button_border_radius=\u00bb15px\u00bb custom_margin=\u00bb||40px|0px|false|false\u00bb custom_margin_tablet=\u00bb|||15px|false|false\u00bb custom_margin_phone=\u00bb|||15px|false|false\u00bb custom_margin_last_edited=\u00bbon|desktop\u00bb custom_padding=\u00bb||||false|false\u00bb global_colors_info=\u00bb{}\u00bb button_bg_color__hover_enabled=\u00bbon|hover\u00bb button_bg_color__hover=\u00bb#00ffc0&#8243; button_bg_enable_color__hover=\u00bbon\u00bb button_text_color__hover_enabled=\u00bbon|desktop\u00bb button_text_color__hover=\u00bb#000000&#8243;][\/et_pb_button][\/et_pb_column][\/et_pb_row][et_pb_row _builder_version=\u00bb4.3.2&#8243; background_color=\u00bb#2f3b4d\u00bb width=\u00bb100%\u00bb max_width=\u00bb100%\u00bb global_colors_info=\u00bb{}\u00bb][et_pb_column type=\u00bb4_4&#8243; _builder_version=\u00bb4.3.2&#8243; global_colors_info=\u00bb{}\u00bb][et_pb_text _builder_version=\u00bb4.3.2&#8243; text_font=\u00bb|||on|||||\u00bb text_text_color=\u00bb#ffffff\u00bb text_font_size=\u00bb15px\u00bb header_font=\u00bbAclonica|800|||||||\u00bb header_text_color=\u00bb#ffffff\u00bb header_2_font=\u00bbAclonica||||||||\u00bb header_2_text_color=\u00bb#ffffff\u00bb header_3_text_color=\u00bb#ffffff\u00bb text_orientation=\u00bbcenter\u00bb header_2_text_shadow_style=\u00bbpreset5&#8243; header_2_text_shadow_color=\u00bbrgba(47,59,77,0.31)\u00bb global_colors_info=\u00bb{}\u00bb]<\/p>\n<div id=\"m2727\" class=\"module text\">\n<h2 class=\"headline\">Les nostres insta\u0140lacions l'esperen<\/h2>\n<h3 class=\"headline\"><span style=\"font-size: 16px;\">Estarem preparats per actuar sempre que la seva mascota ho necessiti<\/span><\/h3>\n<\/div>\n<p>[\/et_pb_text][\/et_pb_column][\/et_pb_row][et_pb_row use_custom_gutter=\u00bbon\u00bb gutter_width=\u00bb2&#8243; _builder_version=\u00bb4.3.2&#8243; width=\u00bb100%\u00bb max_width=\u00bb1700px\u00bb global_colors_info=\u00bb{}\u00bb][et_pb_column type=\u00bb4_4&#8243; _builder_version=\u00bb4.3.2&#8243; global_colors_info=\u00bb{}\u00bb][et_pb_gallery gallery_ids=\u00bb131,132,133,134,135,136,137,138,139,140,141,142&#8243; posts_number=\u00bb12&#8243; show_title_and_caption=\u00bboff\u00bb show_pagination=\u00bboff\u00bb _builder_version=\u00bb4.3.2&#8243; custom_margin=\u00bb0px||0px|0px|false|false\u00bb custom_padding=\u00bb0px|0px|0px|0px|false|false\u00bb enable_grid_motion=\u00bbon\u00bb scroll_scaling_enable=\u00bbon\u00bb scroll_scaling=\u00bb0|31|80|100|10%|100|0%\u00bb scroll_rotating_enable=\u00bbon\u00bb scroll_rotating=\u00bb0|75|75|100|0\u00b0|0|180\u00b0\u00bb scroll_blur_enable=\u00bbon\u00bb scroll_blur=\u00bb0|30|70|100|10px|0px|10px\u00bb global_colors_info=\u00bb{}\u00bb][\/et_pb_gallery][\/et_pb_column][\/et_pb_row][\/et_pb_section][et_pb_section fb_built=\u00bb1&#8243; _builder_version=\u00bb4.2.2&#8243; background_color=\u00bb#f9eff5&#8243; background_enable_image=\u00bboff\u00bb parallax=\u00bbon\u00bb custom_margin=\u00bb0px||0px||false|false\u00bb custom_padding=\u00bb0px||0px||false|false\u00bb global_colors_info=\u00bb{}\u00bb][et_pb_row column_structure=\u00bb1_2,1_2&#8243; _builder_version=\u00bb4.2.2&#8243; width=\u00bb100%\u00bb max_width=\u00bb85%\u00bb max_width_tablet=\u00bb100%\u00bb max_width_phone=\u00bb100%\u00bb max_width_last_edited=\u00bbon|tablet\u00bb module_alignment=\u00bbleft\u00bb custom_margin=\u00bb0px|auto|0px|auto|false|false\u00bb custom_padding=\u00bb0px||0px||false|false\u00bb global_colors_info=\u00bb{}\u00bb][et_pb_column type=\u00bb1_2&#8243; _builder_version=\u00bb4.2.2&#8243; global_colors_info=\u00bb{}\u00bb][et_pb_image src=\u00bbhttps:\/\/reusvet.cat\/wp-content\/uploads\/2020\/02\/pet-surgery.jpg\u00bb force_fullwidth=\u00bbon\u00bb _builder_version=\u00bb4.2.2&#8243; global_colors_info=\u00bb{}\u00bb][\/et_pb_image][\/et_pb_column][et_pb_column type=\u00bb1_2&#8243; _builder_version=\u00bb4.2.2&#8243; global_colors_info=\u00bb{}\u00bb][et_pb_text _builder_version=\u00bb4.14.7&#8243; header_2_font=\u00bb|800|||||||\u00bb header_2_text_align=\u00bbcenter\u00bb header_2_text_color=\u00bb#00a19c\u00bb header_2_font_size=\u00bb82px\u00bb custom_margin=\u00bb||0px||false|false\u00bb custom_padding=\u00bb40px||1px||false|false\u00bb link_option_url=\u00bbtel:977755702&#8243; header_2_font_size_tablet=\u00bb\u00bb header_2_font_size_phone=\u00bb58px\u00bb header_2_font_size_last_edited=\u00bbon|phone\u00bb locked=\u00bboff\u00bb global_colors_info=\u00bb{}\u00bb]<\/p>\n<h2 style=\"text-align: center;\"><a href=\"tel:977755702\">977 755 702<\/a><\/h2>\n<p>[\/et_pb_text][et_pb_text _builder_version=\u00bb4.14.7&#8243; text_font=\u00bb|600|||||||\u00bb text_text_color=\u00bb#2f3b4d\u00bb text_font_size=\u00bb18px\u00bb header_2_font=\u00bbAclonica|700|||||||\u00bb header_2_text_align=\u00bbleft\u00bb header_2_text_color=\u00bb#00dfc0&#8243; header_2_font_size=\u00bb19px\u00bb header_3_font=\u00bbABeeZee|800|||||||\u00bb header_3_text_align=\u00bbleft\u00bb header_3_text_color=\u00bb#2f3b4d\u00bb header_3_font_size=\u00bb23px\u00bb min_height=\u00bb250px\u00bb custom_margin=\u00bb50px|15px||15px|false|false\u00bb custom_padding=\u00bb15px|15px|60px|15px|false|false\u00bb hover_enabled=\u00bb0&#8243; global_colors_info=\u00bb{}\u00bb sticky_enabled=\u00bb0&#8243;]<\/p>\n<h2>Contacti amb nosaltres<\/h2>\n<h2><span style=\"color: #2f3b4d; font-family: ABeeZee, Helvetica, Arial, Lucida, sans-serif; font-size: 23px;\">Per a la cura de la seva mascota<\/span><\/h2>\n<p>Ens ocupem tant de l'atenci\u00f3 urgent com de les necessitats de benestar del seu animal de companyia. Aix\u00f2 vol dir que pot venir a la cl\u00ednica per a consultes menors, com els ex\u00e0mens peri\u00f2dics i les vacunes, o aquells moments en que la seva mascota sembla estar apagada i necessita atenci\u00f3 veterin\u00e0ria r\u00e0pida.<\/p>\n<p>Guardi el nostre n\u00famero per a qualsevol situaci\u00f3 com: erupcions cut\u00e0nies, diarrea, genives p\u00e0l\u00b7lides, tos, plor, tremolors, picor a la pell, panteix, febre, v\u00f2mits o qualsevol altra cosa que el faci preocupar.<\/p>\n<p>[\/et_pb_text][\/et_pb_column][\/et_pb_row][\/et_pb_section]<\/p>","protected":false},"excerpt":{"rendered":"<p>Preparados para prestarle los mejores cuidados veterinarios a tu mascota Veterinario en Reus Trabajamos tanto con medicina preventiva como curativa para cuidar de su mascota Nuestra cl\u00ednica veterinaria de Reus &#8211; Dispone de equipos de diagn\u00f3stico y tratamiento de \u00faltima generaci\u00f3n permiti\u00e9ndonos efectuar desde retoques est\u00e9ticos hasta diagnostico avanzado y cirug\u00edas para mascotas. Consulta nuestra [&hellip;]<\/p>","protected":false},"author":1,"featured_media":0,"parent":0,"menu_order":0,"comment_status":"closed","ping_status":"closed","template":"","meta":{"_et_pb_use_builder":"on","_et_pb_old_content":"","_et_gb_content_width":"","footnotes":""},"class_list":["post-164","page","type-page","status-publish","hentry"],"yoast_head":"<!-- This site is optimized with the Yoast SEO plugin v26.9 - https:\/\/yoast.com\/product\/yoast-seo-wordpress\/ -->\n<title>Nuestras instalaciones - Reus Vet<\/title>\n<meta name=\"robots\" content=\"index, follow, max-snippet:-1, max-image-preview:large, max-video-preview:-1\" \/>\n<link rel=\"canonical\" href=\"https:\/\/reusvet.cat\/ca\/nuestras-instalaciones\/\" \/>\n<meta property=\"og:locale\" content=\"ca_ES\" \/>\n<meta property=\"og:type\" content=\"article\" \/>\n<meta property=\"og:title\" content=\"Nuestras instalaciones - Reus Vet\" \/>\n<meta property=\"og:description\" content=\"Preparados para prestarle los mejores cuidados veterinarios a tu mascota Veterinario en Reus Trabajamos tanto con medicina preventiva como curativa para cuidar de su mascota Nuestra cl\u00ednica veterinaria de Reus - Dispone de equipos de diagn\u00f3stico y tratamiento de \u00faltima generaci\u00f3n permiti\u00e9ndonos efectuar desde retoques est\u00e9ticos hasta diagnostico avanzado y cirug\u00edas para mascotas. Consulta nuestra [&hellip;]\" \/>\n<meta property=\"og:url\" content=\"https:\/\/reusvet.cat\/ca\/nuestras-instalaciones\/\" \/>\n<meta property=\"og:site_name\" content=\"Reus Vet\" \/>\n<meta property=\"article:publisher\" content=\"https:\/\/www.facebook.com\/pg\/ClinicaReusVet\/about\/\" \/>\n<meta property=\"article:modified_time\" content=\"2022-02-09T20:50:40+00:00\" \/>\n<meta name=\"twitter:card\" content=\"summary_large_image\" \/>\n<meta name=\"twitter:label1\" content=\"Temps estimat de lectura\" \/>\n\t<meta name=\"twitter:data1\" content=\"7 minuts\" \/>\n<script type=\"application\/ld+json\" class=\"yoast-schema-graph\">{\"@context\":\"https:\/\/schema.org\",\"@graph\":[{\"@type\":\"WebPage\",\"@id\":\"https:\/\/reusvet.cat\/nuestras-instalaciones\/\",\"url\":\"https:\/\/reusvet.cat\/nuestras-instalaciones\/\",\"name\":\"Nuestras instalaciones - Reus Vet\",\"isPartOf\":{\"@id\":\"https:\/\/reusvet.cat\/#website\"},\"datePublished\":\"2020-02-21T08:00:46+00:00\",\"dateModified\":\"2022-02-09T20:50:40+00:00\",\"inLanguage\":\"ca\",\"potentialAction\":[{\"@type\":\"ReadAction\",\"target\":[\"https:\/\/reusvet.cat\/nuestras-instalaciones\/\"]}]},{\"@type\":\"WebSite\",\"@id\":\"https:\/\/reusvet.cat\/#website\",\"url\":\"https:\/\/reusvet.cat\/\",\"name\":\"Reus Vet\",\"description\":\"Cl\u00ednica Veterinaria en Reus Cuidamos de tu mascota\",\"potentialAction\":[{\"@type\":\"SearchAction\",\"target\":{\"@type\":\"EntryPoint\",\"urlTemplate\":\"https:\/\/reusvet.cat\/?s={search_term_string}\"},\"query-input\":{\"@type\":\"PropertyValueSpecification\",\"valueRequired\":true,\"valueName\":\"search_term_string\"}}],\"inLanguage\":\"ca\"}]}<\/script>\n<!-- \/ Yoast SEO plugin. -->","yoast_head_json":{"title":"Nuestras instalaciones - Reus Vet","robots":{"index":"index","follow":"follow","max-snippet":"max-snippet:-1","max-image-preview":"max-image-preview:large","max-video-preview":"max-video-preview:-1"},"canonical":"https:\/\/reusvet.cat\/ca\/nuestras-instalaciones\/","og_locale":"ca_ES","og_type":"article","og_title":"Nuestras instalaciones - Reus Vet","og_description":"Preparados para prestarle los mejores cuidados veterinarios a tu mascota Veterinario en Reus Trabajamos tanto con medicina preventiva como curativa para cuidar de su mascota Nuestra cl\u00ednica veterinaria de Reus - Dispone de equipos de diagn\u00f3stico y tratamiento de \u00faltima generaci\u00f3n permiti\u00e9ndonos efectuar desde retoques est\u00e9ticos hasta diagnostico avanzado y cirug\u00edas para mascotas. Consulta nuestra [&hellip;]","og_url":"https:\/\/reusvet.cat\/ca\/nuestras-instalaciones\/","og_site_name":"Reus Vet","article_publisher":"https:\/\/www.facebook.com\/pg\/ClinicaReusVet\/about\/","article_modified_time":"2022-02-09T20:50:40+00:00","twitter_card":"summary_large_image","twitter_misc":{"Temps estimat de lectura":"7 minuts"},"schema":{"@context":"https:\/\/schema.org","@graph":[{"@type":"WebPage","@id":"https:\/\/reusvet.cat\/nuestras-instalaciones\/","url":"https:\/\/reusvet.cat\/nuestras-instalaciones\/","name":"Nuestras instalaciones - Reus Vet","isPartOf":{"@id":"https:\/\/reusvet.cat\/#website"},"datePublished":"2020-02-21T08:00:46+00:00","dateModified":"2022-02-09T20:50:40+00:00","inLanguage":"ca","potentialAction":[{"@type":"ReadAction","target":["https:\/\/reusvet.cat\/nuestras-instalaciones\/"]}]},{"@type":"WebSite","@id":"https:\/\/reusvet.cat\/#website","url":"https:\/\/reusvet.cat\/","name":"Reus Vet","description":"Cl\u00ednica Veterinaria en Reus Cuidamos de tu mascota","potentialAction":[{"@type":"SearchAction","target":{"@type":"EntryPoint","urlTemplate":"https:\/\/reusvet.cat\/?s={search_term_string}"},"query-input":{"@type":"PropertyValueSpecification","valueRequired":true,"valueName":"search_term_string"}}],"inLanguage":"ca"}]}},"_links":{"self":[{"href":"https:\/\/reusvet.cat\/ca\/wp-json\/wp\/v2\/pages\/164","targetHints":{"allow":["GET"]}}],"collection":[{"href":"https:\/\/reusvet.cat\/ca\/wp-json\/wp\/v2\/pages"}],"about":[{"href":"https:\/\/reusvet.cat\/ca\/wp-json\/wp\/v2\/types\/page"}],"author":[{"embeddable":true,"href":"https:\/\/reusvet.cat\/ca\/wp-json\/wp\/v2\/users\/1"}],"replies":[{"embeddable":true,"href":"https:\/\/reusvet.cat\/ca\/wp-json\/wp\/v2\/comments?post=164"}],"version-history":[{"count":13,"href":"https:\/\/reusvet.cat\/ca\/wp-json\/wp\/v2\/pages\/164\/revisions"}],"predecessor-version":[{"id":457,"href":"https:\/\/reusvet.cat\/ca\/wp-json\/wp\/v2\/pages\/164\/revisions\/457"}],"wp:attachment":[{"href":"https:\/\/reusvet.cat\/ca\/wp-json\/wp\/v2\/media?parent=164"}],"curies":[{"name":"wp","href":"https:\/\/api.w.org\/{rel}","templated":true}]}}